{"id":296,"date":"2026-04-17T19:43:22","date_gmt":"2026-04-17T17:43:22","guid":{"rendered":"https:\/\/antigravitation.pl\/?page_id=296"},"modified":"2026-04-17T19:47:27","modified_gmt":"2026-04-17T17:47:27","slug":"miot-a-2026","status":"publish","type":"page","link":"https:\/\/antigravitation.pl\/?page_id=296","title":{"rendered":"Miot A 2026"},"content":{"rendered":"\n<p><\/p>\n\n\n\n<p class=\"has-medium-font-size\">26.03.2026 na \u015bwiat przyszed\u0142 miot A. Rodzicami zostali Blowin&#8217; Money Fast Rosycheeks oraz SAY GOODBYE TO SPRING Antigravitation. Spodziewamy si\u0119 szczeni\u0105t energicznych, nastawionych na prac\u0119 z cz\u0142owiekiem, a przy tym zr\u00f3wnowa\u017conych.<\/p>\n\n\n\n<p class=\"has-medium-font-size\">Szczeniaki b\u0119d\u0105 do odbioru najwcze\u015bniej po 21 maja 2026.<\/p>\n\n\n\n<p class=\"has-medium-font-size\">Zapraszamy do kontaktu \ud83d\ude42<\/p>\n\n\n\n<figure class=\"wp-block-image size-large\"><img decoding=\"async\" width=\"1024\" height=\"724\" src=\"https:\/\/antigravitation.pl\/wp-content\/uploads\/2026\/04\/Zapowiedz-WiosnaLarry2-1024x724.jpg\" alt=\"\" class=\"wp-image-297\" srcset=\"https:\/\/antigravitation.pl\/wp-content\/uploads\/2026\/04\/Zapowiedz-WiosnaLarry2-1024x724.jpg 1024w, https:\/\/antigravitation.pl\/wp-content\/uploads\/2026\/04\/Zapowiedz-WiosnaLarry2-300x212.jpg 300w, https:\/\/antigravitation.pl\/wp-content\/uploads\/2026\/04\/Zapowiedz-WiosnaLarry2-768x543.jpg 768w, https:\/\/antigravitation.pl\/wp-content\/uploads\/2026\/04\/Zapowiedz-WiosnaLarry2-1536x1086.jpg 1536w, https:\/\/antigravitation.pl\/wp-content\/uploads\/2026\/04\/Zapowiedz-WiosnaLarry2-1140x806.jpg 1140w, https:\/\/antigravitation.pl\/wp-content\/uploads\/2026\/04\/Zapowiedz-WiosnaLarry2.jpg 1920w\" sizes=\"(max-width: 1024px) 100vw, 1024px\" \/><\/figure>\n\n\n\n<p class=\"has-medium-font-size\"><img decoding=\"async\" height=\"16\" width=\"16\" alt=\"\ud83e\ude75\" src=\"https:\/\/static.xx.fbcdn.net\/images\/emoji.php\/v9\/t97\/1\/16\/1fa75.png\"> APRICOT Antigravitation &#8211; samiec red merle, ogon kr\u00f3tki (1\/4) (zarezerwowany)<\/p>\n\n\n\n<figure class=\"wp-block-image size-large\"><img decoding=\"async\" width=\"1024\" height=\"697\" src=\"https:\/\/antigravitation.pl\/wp-content\/uploads\/2026\/04\/673908220_988872600488074_4551534768398737243_n-1024x697.jpg\" alt=\"\" class=\"wp-image-298\" srcset=\"https:\/\/antigravitation.pl\/wp-content\/uploads\/2026\/04\/673908220_988872600488074_4551534768398737243_n-1024x697.jpg 1024w, https:\/\/antigravitation.pl\/wp-content\/uploads\/2026\/04\/673908220_988872600488074_4551534768398737243_n-300x204.jpg 300w, https:\/\/antigravitation.pl\/wp-content\/uploads\/2026\/04\/673908220_988872600488074_4551534768398737243_n-768x523.jpg 768w, https:\/\/antigravitation.pl\/wp-content\/uploads\/2026\/04\/673908220_988872600488074_4551534768398737243_n-1536x1046.jpg 1536w, https:\/\/antigravitation.pl\/wp-content\/uploads\/2026\/04\/673908220_988872600488074_4551534768398737243_n-1140x776.jpg 1140w, https:\/\/antigravitation.pl\/wp-content\/uploads\/2026\/04\/673908220_988872600488074_4551534768398737243_n.jpg 1920w\" sizes=\"(max-width: 1024px) 100vw, 1024px\" \/><\/figure>\n\n\n\n<p class=\"has-medium-font-size\"><img decoding=\"async\" height=\"16\" width=\"16\" alt=\"\ud83e\ude75\" src=\"https:\/\/static.xx.fbcdn.net\/images\/emoji.php\/v9\/t97\/1\/16\/1fa75.png\"> ALGERNON Antigravitation &#8211; samiec black tri, ogon d\u0142ugi<\/p>\n\n\n\n<figure class=\"wp-block-image size-large\"><img decoding=\"async\" width=\"1024\" height=\"666\" src=\"https:\/\/antigravitation.pl\/wp-content\/uploads\/2026\/04\/672675565_988872670488067_2620333565199041117_n-1024x666.jpg\" alt=\"\" class=\"wp-image-299\" srcset=\"https:\/\/antigravitation.pl\/wp-content\/uploads\/2026\/04\/672675565_988872670488067_2620333565199041117_n-1024x666.jpg 1024w, https:\/\/antigravitation.pl\/wp-content\/uploads\/2026\/04\/672675565_988872670488067_2620333565199041117_n-300x195.jpg 300w, https:\/\/antigravitation.pl\/wp-content\/uploads\/2026\/04\/672675565_988872670488067_2620333565199041117_n-768x499.jpg 768w, https:\/\/antigravitation.pl\/wp-content\/uploads\/2026\/04\/672675565_988872670488067_2620333565199041117_n-1536x998.jpg 1536w, https:\/\/antigravitation.pl\/wp-content\/uploads\/2026\/04\/672675565_988872670488067_2620333565199041117_n-1140x741.jpg 1140w, https:\/\/antigravitation.pl\/wp-content\/uploads\/2026\/04\/672675565_988872670488067_2620333565199041117_n.jpg 1920w\" sizes=\"(max-width: 1024px) 100vw, 1024px\" \/><\/figure>\n\n\n\n<p class=\"has-medium-font-size\"><img decoding=\"async\" height=\"16\" width=\"16\" alt=\"\ud83e\ude77\" src=\"https:\/\/static.xx.fbcdn.net\/images\/emoji.php\/v9\/t99\/1\/16\/1fa77.png\"> ASHWAGANDHA Antigravitation &#8211; samica red tri, ogon kr\u00f3tki (1\/3)<\/p>\n\n\n\n<figure class=\"wp-block-image size-large\"><img decoding=\"async\" width=\"1024\" height=\"727\" src=\"https:\/\/antigravitation.pl\/wp-content\/uploads\/2026\/04\/672671835_988872627154738_8095857009428899746_n-1024x727.jpg\" alt=\"\" class=\"wp-image-300\" srcset=\"https:\/\/antigravitation.pl\/wp-content\/uploads\/2026\/04\/672671835_988872627154738_8095857009428899746_n-1024x727.jpg 1024w, https:\/\/antigravitation.pl\/wp-content\/uploads\/2026\/04\/672671835_988872627154738_8095857009428899746_n-300x213.jpg 300w, https:\/\/antigravitation.pl\/wp-content\/uploads\/2026\/04\/672671835_988872627154738_8095857009428899746_n-768x545.jpg 768w, https:\/\/antigravitation.pl\/wp-content\/uploads\/2026\/04\/672671835_988872627154738_8095857009428899746_n-1536x1090.jpg 1536w, https:\/\/antigravitation.pl\/wp-content\/uploads\/2026\/04\/672671835_988872627154738_8095857009428899746_n-1140x809.jpg 1140w, https:\/\/antigravitation.pl\/wp-content\/uploads\/2026\/04\/672671835_988872627154738_8095857009428899746_n.jpg 1920w\" sizes=\"(max-width: 1024px) 100vw, 1024px\" \/><\/figure>\n\n\n\n<p class=\"has-medium-font-size\"><img decoding=\"async\" height=\"16\" width=\"16\" alt=\"\ud83e\ude77\" src=\"https:\/\/static.xx.fbcdn.net\/images\/emoji.php\/v9\/t99\/1\/16\/1fa77.png\"> AMATERASU Antigravitation &#8211; samica red merle, ogon kr\u00f3tki (1\/2)<\/p>\n\n\n\n<figure class=\"wp-block-image size-large\"><img decoding=\"async\" width=\"1024\" height=\"677\" src=\"https:\/\/antigravitation.pl\/wp-content\/uploads\/2026\/04\/673397892_988872653821402_7623595913929456252_n-1024x677.jpg\" alt=\"\" class=\"wp-image-301\" srcset=\"https:\/\/antigravitation.pl\/wp-content\/uploads\/2026\/04\/673397892_988872653821402_7623595913929456252_n-1024x677.jpg 1024w, https:\/\/antigravitation.pl\/wp-content\/uploads\/2026\/04\/673397892_988872653821402_7623595913929456252_n-300x198.jpg 300w, https:\/\/antigravitation.pl\/wp-content\/uploads\/2026\/04\/673397892_988872653821402_7623595913929456252_n-768x508.jpg 768w, https:\/\/antigravitation.pl\/wp-content\/uploads\/2026\/04\/673397892_988872653821402_7623595913929456252_n-1536x1016.jpg 1536w, https:\/\/antigravitation.pl\/wp-content\/uploads\/2026\/04\/673397892_988872653821402_7623595913929456252_n-1140x754.jpg 1140w, https:\/\/antigravitation.pl\/wp-content\/uploads\/2026\/04\/673397892_988872653821402_7623595913929456252_n.jpg 1920w\" sizes=\"(max-width: 1024px) 100vw, 1024px\" \/><\/figure>\n","protected":false},"excerpt":{"rendered":"<p>26.03.2026 na \u015bwiat przyszed\u0142 miot A. Rodzicami zostali Blowin&#8217; Money Fast Rosycheeks oraz SAY GOODBYE TO SPRING Antigravitation. Spodziewamy si\u0119 szczeni\u0105t energicznych, nastawionych na prac\u0119 z cz\u0142owiekiem, a przy tym zr\u00f3wnowa\u017conych. Szczeniaki b\u0119d\u0105 do odbioru najwcze\u015bniej po 21 maja 2026. Zapraszamy do kontaktu \ud83d\ude42 APRICOT Antigravitation &#8211; samiec red merle, ogon kr\u00f3tki (1\/4) (zarezerwowany) ALGERNON Antigravitation &#8211; samiec black tri, ogon d\u0142ugi ASHWAGANDHA Antigravitation &#8211; samica red tri, ogon kr\u00f3tki (1\/3) AMATERASU Antigravitation &#8211; samica red merle, ogon kr\u00f3tki (1\/2)<\/p>\n","protected":false},"author":2,"featured_media":0,"parent":0,"menu_order":0,"comment_status":"closed","ping_status":"closed","template":"","meta":{"footnotes":""},"class_list":["post-296","page","type-page","status-publish","hentry"],"_links":{"self":[{"href":"https:\/\/antigravitation.pl\/index.php?rest_route=\/wp\/v2\/pages\/296","targetHints":{"allow":["GET"]}}],"collection":[{"href":"https:\/\/antigravitation.pl\/index.php?rest_route=\/wp\/v2\/pages"}],"about":[{"href":"https:\/\/antigravitation.pl\/index.php?rest_route=\/wp\/v2\/types\/page"}],"author":[{"embeddable":true,"href":"https:\/\/antigravitation.pl\/index.php?rest_route=\/wp\/v2\/users\/2"}],"replies":[{"embeddable":true,"href":"https:\/\/antigravitation.pl\/index.php?rest_route=%2Fwp%2Fv2%2Fcomments&post=296"}],"version-history":[{"count":4,"href":"https:\/\/antigravitation.pl\/index.php?rest_route=\/wp\/v2\/pages\/296\/revisions"}],"predecessor-version":[{"id":306,"href":"https:\/\/antigravitation.pl\/index.php?rest_route=\/wp\/v2\/pages\/296\/revisions\/306"}],"wp:attachment":[{"href":"https:\/\/antigravitation.pl\/index.php?rest_route=%2Fwp%2Fv2%2Fmedia&parent=296"}],"curies":[{"name":"wp","href":"https:\/\/api.w.org\/{rel}","templated":true}]}}