{"id":286,"date":"2026-04-17T19:34:11","date_gmt":"2026-04-17T17:34:11","guid":{"rendered":"https:\/\/antigravitation.pl\/?page_id=286"},"modified":"2026-04-17T19:48:50","modified_gmt":"2026-04-17T17:48:50","slug":"say-goodbye-to-spring-antigravitation-wiosna","status":"publish","type":"page","link":"https:\/\/antigravitation.pl\/?page_id=286","title":{"rendered":"SAY GOODBYE TO SPRING Antigravitation (Wiosna)"},"content":{"rendered":"\n<p><\/p>\n\n\n\n<p class=\"has-medium-font-size\"><strong>SAY GOODBYE TO SPRING Antigravitation<\/strong> (Wiosna)<\/p>\n\n\n\n<ul class=\"wp-block-list\">\n<li class=\"has-medium-font-size\">Data urodzenia: 09.06.2022<\/li>\n\n\n\n<li class=\"has-medium-font-size\">Umaszczenie: black tricolor<\/li>\n\n\n\n<li class=\"has-medium-font-size\">Ogon: d\u0142ugi<\/li>\n\n\n\n<li class=\"has-medium-font-size\">22 kg<\/li>\n<\/ul>\n\n\n\n<p class=\"has-medium-font-size\">Wiosna jest psem o dobrych proporcjach, pi\u0119knej g\u0142owie i g\u0119stym futrze. Ma zr\u00f3wnowa\u017cony, ale do\u015b\u0107 mocny charakter. Niczego si\u0119 nie boi. Umie postawi\u0107 na swoim, na jej lojalno\u015b\u0107 trzeba sobie zas\u0142u\u017cy\u0107. Jest przy tym psem bardzo opieku\u0144czym i zorientowanym na prac\u0119 z cz\u0142owiekiem.<\/p>\n\n\n\n<p><\/p>\n\n\n\n<figure class=\"wp-block-gallery has-nested-images columns-default is-cropped wp-block-gallery-1 is-layout-flex wp-block-gallery-is-layout-flex\">\n\n\n<figure class=\"wp-block-image size-large\"><img decoding=\"async\" width=\"768\" height=\"1024\" data-id=\"288\" src=\"https:\/\/antigravitation.pl\/wp-content\/uploads\/2026\/04\/41b267dd-679c-4eb2-87ea-9c2a0432dc1f-768x1024.jpeg\" alt=\"\" class=\"wp-image-288\" srcset=\"https:\/\/antigravitation.pl\/wp-content\/uploads\/2026\/04\/41b267dd-679c-4eb2-87ea-9c2a0432dc1f-768x1024.jpeg 768w, https:\/\/antigravitation.pl\/wp-content\/uploads\/2026\/04\/41b267dd-679c-4eb2-87ea-9c2a0432dc1f-225x300.jpeg 225w, https:\/\/antigravitation.pl\/wp-content\/uploads\/2026\/04\/41b267dd-679c-4eb2-87ea-9c2a0432dc1f.jpeg 1128w\" sizes=\"(max-width: 768px) 100vw, 768px\" \/><\/figure>\n\n\n\n<figure class=\"wp-block-image size-large\"><img decoding=\"async\" width=\"768\" height=\"1024\" data-id=\"289\" src=\"https:\/\/antigravitation.pl\/wp-content\/uploads\/2026\/04\/e1fe33a0-f818-4754-b30d-dad563719939-768x1024.jpeg\" alt=\"\" class=\"wp-image-289\" srcset=\"https:\/\/antigravitation.pl\/wp-content\/uploads\/2026\/04\/e1fe33a0-f818-4754-b30d-dad563719939-768x1024.jpeg 768w, https:\/\/antigravitation.pl\/wp-content\/uploads\/2026\/04\/e1fe33a0-f818-4754-b30d-dad563719939-225x300.jpeg 225w, https:\/\/antigravitation.pl\/wp-content\/uploads\/2026\/04\/e1fe33a0-f818-4754-b30d-dad563719939-1152x1536.jpeg 1152w, https:\/\/antigravitation.pl\/wp-content\/uploads\/2026\/04\/e1fe33a0-f818-4754-b30d-dad563719939-1140x1520.jpeg 1140w, https:\/\/antigravitation.pl\/wp-content\/uploads\/2026\/04\/e1fe33a0-f818-4754-b30d-dad563719939.jpeg 1440w\" sizes=\"(max-width: 768px) 100vw, 768px\" \/><\/figure>\n\n\n\n<figure class=\"wp-block-image size-large\"><img decoding=\"async\" width=\"1024\" height=\"768\" data-id=\"291\" src=\"https:\/\/antigravitation.pl\/wp-content\/uploads\/2026\/04\/86325953-745e-4805-8eb4-b90ab2d441b3-1024x768.jpeg\" alt=\"\" class=\"wp-image-291\" srcset=\"https:\/\/antigravitation.pl\/wp-content\/uploads\/2026\/04\/86325953-745e-4805-8eb4-b90ab2d441b3-1024x768.jpeg 1024w, https:\/\/antigravitation.pl\/wp-content\/uploads\/2026\/04\/86325953-745e-4805-8eb4-b90ab2d441b3-300x225.jpeg 300w, https:\/\/antigravitation.pl\/wp-content\/uploads\/2026\/04\/86325953-745e-4805-8eb4-b90ab2d441b3-768x576.jpeg 768w, https:\/\/antigravitation.pl\/wp-content\/uploads\/2026\/04\/86325953-745e-4805-8eb4-b90ab2d441b3-1536x1152.jpeg 1536w, https:\/\/antigravitation.pl\/wp-content\/uploads\/2026\/04\/86325953-745e-4805-8eb4-b90ab2d441b3-1140x855.jpeg 1140w, https:\/\/antigravitation.pl\/wp-content\/uploads\/2026\/04\/86325953-745e-4805-8eb4-b90ab2d441b3.jpeg 1920w\" sizes=\"(max-width: 1024px) 100vw, 1024px\" \/><\/figure>\n\n\n\n<figure class=\"wp-block-image size-large\"><img decoding=\"async\" width=\"1024\" height=\"768\" data-id=\"290\" src=\"https:\/\/antigravitation.pl\/wp-content\/uploads\/2026\/04\/935fd9bf-c042-4009-995c-f5c5a8222b71-1-1024x768.jpeg\" alt=\"\" class=\"wp-image-290\" srcset=\"https:\/\/antigravitation.pl\/wp-content\/uploads\/2026\/04\/935fd9bf-c042-4009-995c-f5c5a8222b71-1-1024x768.jpeg 1024w, https:\/\/antigravitation.pl\/wp-content\/uploads\/2026\/04\/935fd9bf-c042-4009-995c-f5c5a8222b71-1-300x225.jpeg 300w, https:\/\/antigravitation.pl\/wp-content\/uploads\/2026\/04\/935fd9bf-c042-4009-995c-f5c5a8222b71-1-768x576.jpeg 768w, https:\/\/antigravitation.pl\/wp-content\/uploads\/2026\/04\/935fd9bf-c042-4009-995c-f5c5a8222b71-1-1536x1152.jpeg 1536w, https:\/\/antigravitation.pl\/wp-content\/uploads\/2026\/04\/935fd9bf-c042-4009-995c-f5c5a8222b71-1-1140x855.jpeg 1140w, https:\/\/antigravitation.pl\/wp-content\/uploads\/2026\/04\/935fd9bf-c042-4009-995c-f5c5a8222b71-1.jpeg 1920w\" sizes=\"(max-width: 1024px) 100vw, 1024px\" \/><\/figure>\n<\/figure>\n\n\n\n<p><\/p>\n\n\n\n<p class=\"has-medium-font-size\">RTG staw\u00f3w biodrowych&nbsp;<strong>HD-A<\/strong>&nbsp;oraz \u0142okciowych&nbsp;<strong>ED-0\/0<\/strong><\/p>\n\n\n\n<ul class=\"wp-block-list\">\n<li class=\"has-medium-font-size\">Certyfikat badania oczu \u2013&nbsp;<strong>czyste \/ clear<\/strong><\/li>\n\n\n\n<li class=\"has-medium-font-size\">HSF4, prcd-PRA, HUU, SLC, DM, NCL, CEA \u2013&nbsp;<strong>clear<\/strong><\/li>\n\n\n\n<li class=\"has-medium-font-size\">MDR1&nbsp;<strong>+\/-<\/strong><\/li>\n<\/ul>\n\n\n\n<p><\/p>\n","protected":false},"excerpt":{"rendered":"<p>SAY GOODBYE TO SPRING Antigravitation (Wiosna) Wiosna jest psem o dobrych proporcjach, pi\u0119knej g\u0142owie i g\u0119stym futrze. Ma zr\u00f3wnowa\u017cony, ale do\u015b\u0107 mocny charakter. Niczego si\u0119 nie boi. Umie postawi\u0107 na swoim, na jej lojalno\u015b\u0107 trzeba sobie zas\u0142u\u017cy\u0107. Jest przy tym psem bardzo opieku\u0144czym i zorientowanym na prac\u0119 z cz\u0142owiekiem. RTG staw\u00f3w biodrowych&nbsp;HD-A&nbsp;oraz \u0142okciowych&nbsp;ED-0\/0<\/p>\n","protected":false},"author":2,"featured_media":0,"parent":0,"menu_order":0,"comment_status":"closed","ping_status":"closed","template":"","meta":{"footnotes":""},"class_list":["post-286","page","type-page","status-publish","hentry"],"_links":{"self":[{"href":"https:\/\/antigravitation.pl\/index.php?rest_route=\/wp\/v2\/pages\/286","targetHints":{"allow":["GET"]}}],"collection":[{"href":"https:\/\/antigravitation.pl\/index.php?rest_route=\/wp\/v2\/pages"}],"about":[{"href":"https:\/\/antigravitation.pl\/index.php?rest_route=\/wp\/v2\/types\/page"}],"author":[{"embeddable":true,"href":"https:\/\/antigravitation.pl\/index.php?rest_route=\/wp\/v2\/users\/2"}],"replies":[{"embeddable":true,"href":"https:\/\/antigravitation.pl\/index.php?rest_route=%2Fwp%2Fv2%2Fcomments&post=286"}],"version-history":[{"count":2,"href":"https:\/\/antigravitation.pl\/index.php?rest_route=\/wp\/v2\/pages\/286\/revisions"}],"predecessor-version":[{"id":307,"href":"https:\/\/antigravitation.pl\/index.php?rest_route=\/wp\/v2\/pages\/286\/revisions\/307"}],"wp:attachment":[{"href":"https:\/\/antigravitation.pl\/index.php?rest_route=%2Fwp%2Fv2%2Fmedia&parent=286"}],"curies":[{"name":"wp","href":"https:\/\/api.w.org\/{rel}","templated":true}]}}