{"id":255,"date":"2025-10-03T10:54:48","date_gmt":"2025-10-03T08:54:48","guid":{"rendered":"https:\/\/antigravitation.pl\/?page_id=255"},"modified":"2025-12-08T22:01:22","modified_gmt":"2025-12-08T21:01:22","slug":"miot-crazy-3","status":"publish","type":"page","link":"https:\/\/antigravitation.pl\/?page_id=255","title":{"rendered":"Miot CRAZY &lt;3"},"content":{"rendered":"\n\n\n<p class=\"has-medium-font-size\"><br>[Wszystkie szczeniaki z tego miotu maj\u0105 ju\u017c swoje rodziny]<\/p>\n\n\n\n<p class=\"has-medium-font-size\">18 wrze\u015bnia 2025 roku na \u015bwiat przysz\u0142o 7 szczeni\u0105t z miotu C. Rodzicami zostali LADY CLOE from Fairy Shadows i EYES ON THE PRICE Rosycheeks. Jest to powt\u00f3rka ca\u0142kiem udanego miotu S. Spodziewamy si\u0119 szczeni\u0105t inteligentnych (co mo\u017ce by\u0107 zar\u00f3wno wad\u0105 jak i zalet\u0105) oraz kochaj\u0105cych prac\u0119 z cz\u0142owiekiem.<\/p>\n\n\n\n<p class=\"has-medium-font-size\">Zapraszamy do kontaktu.<\/p>\n\n\n\n<p><\/p>\n\n\n<div class=\"wp-block-image\">\n<figure class=\"aligncenter size-full\"><img decoding=\"async\" width=\"720\" height=\"509\" src=\"https:\/\/antigravitation.pl\/wp-content\/uploads\/2025\/10\/533363245_790123530362983_3249388247086693339_n.jpg\" alt=\"\" class=\"wp-image-256\" srcset=\"https:\/\/antigravitation.pl\/wp-content\/uploads\/2025\/10\/533363245_790123530362983_3249388247086693339_n.jpg 720w, https:\/\/antigravitation.pl\/wp-content\/uploads\/2025\/10\/533363245_790123530362983_3249388247086693339_n-300x212.jpg 300w\" sizes=\"(max-width: 720px) 100vw, 720px\" \/><\/figure>\n<\/div>\n\n\n<p class=\"has-text-align-center\">&#8211; &#8211; &#8211;<\/p>\n\n\n<div class=\"wp-block-image\">\n<figure class=\"aligncenter size-full\"><img decoding=\"async\" width=\"640\" height=\"514\" src=\"https:\/\/antigravitation.pl\/wp-content\/uploads\/2025\/10\/550167482_818269744215028_2420081241150186789_n.jpg\" alt=\"\" class=\"wp-image-257\" srcset=\"https:\/\/antigravitation.pl\/wp-content\/uploads\/2025\/10\/550167482_818269744215028_2420081241150186789_n.jpg 640w, https:\/\/antigravitation.pl\/wp-content\/uploads\/2025\/10\/550167482_818269744215028_2420081241150186789_n-300x241.jpg 300w\" sizes=\"(max-width: 640px) 100vw, 640px\" \/><\/figure>\n<\/div>\n\n\n<p class=\"has-text-align-center\">&#8211; &#8211; &#8211;<\/p>\n\n\n\n<p class=\"has-medium-font-size\">Szczeniaki z tego miotu to:<\/p>\n\n\n\n<p class=\"has-medium-font-size\">~ CRAZY DRAMA QUEEN Antigravitation \u2013 samica, red tricolor, ogon pe\u0142ny<\/p>\n\n\n\n<p class=\"has-medium-font-size\">~ CRAZY TRAIN Antigravitation \u2013 samiec, red tricolor, nbt<\/p>\n\n\n\n<p class=\"has-medium-font-size\">~ CRAZY FROG Antigravitation \u2013 samiec, red merle, ogon pe\u0142ny<\/p>\n\n\n\n<p class=\"has-medium-font-size\">~ CRAZY BUT AMAZING Antigravitation \u2013 samiec, blue merle, nbt<\/p>\n\n\n\n<p class=\"has-medium-font-size\">~ CRAZY PLOT TWIST Antigravitation \u2013 samica, blue merle, ogon pe\u0142ny<\/p>\n\n\n\n<p class=\"has-medium-font-size\">~ CRAZY ONOMATOPEIA Antigravitation \u2013 samica, blue merle, nbt<\/p>\n\n\n\n<p class=\"has-medium-font-size\">~ CRAZY COFFEE OVERDOSE Antigravitation \u2013 samiec, red tricolor, nbt<\/p>\n\n\n\n<figure class=\"wp-block-gallery has-nested-images columns-default is-cropped wp-block-gallery-1 is-layout-flex wp-block-gallery-is-layout-flex\">\n<figure class=\"wp-block-image size-large\"><img decoding=\"async\" width=\"1024\" height=\"670\" data-id=\"262\" src=\"https:\/\/antigravitation.pl\/wp-content\/uploads\/2025\/10\/557635698_830362846339051_8272236717315266479_n-1024x670.jpg\" alt=\"\" class=\"wp-image-262\" srcset=\"https:\/\/antigravitation.pl\/wp-content\/uploads\/2025\/10\/557635698_830362846339051_8272236717315266479_n-1024x670.jpg 1024w, https:\/\/antigravitation.pl\/wp-content\/uploads\/2025\/10\/557635698_830362846339051_8272236717315266479_n-300x196.jpg 300w, https:\/\/antigravitation.pl\/wp-content\/uploads\/2025\/10\/557635698_830362846339051_8272236717315266479_n-768x502.jpg 768w, https:\/\/antigravitation.pl\/wp-content\/uploads\/2025\/10\/557635698_830362846339051_8272236717315266479_n-1536x1005.jpg 1536w, https:\/\/antigravitation.pl\/wp-content\/uploads\/2025\/10\/557635698_830362846339051_8272236717315266479_n-1140x746.jpg 1140w, https:\/\/antigravitation.pl\/wp-content\/uploads\/2025\/10\/557635698_830362846339051_8272236717315266479_n.jpg 1920w\" sizes=\"(max-width: 1024px) 100vw, 1024px\" \/><\/figure>\n\n\n\n<figure class=\"wp-block-image size-large\"><img decoding=\"async\" width=\"1024\" height=\"674\" data-id=\"261\" src=\"https:\/\/antigravitation.pl\/wp-content\/uploads\/2025\/10\/558214981_830363036339032_7872490698415127022_n-1024x674.jpg\" alt=\"\" class=\"wp-image-261\" srcset=\"https:\/\/antigravitation.pl\/wp-content\/uploads\/2025\/10\/558214981_830363036339032_7872490698415127022_n-1024x674.jpg 1024w, https:\/\/antigravitation.pl\/wp-content\/uploads\/2025\/10\/558214981_830363036339032_7872490698415127022_n-300x198.jpg 300w, https:\/\/antigravitation.pl\/wp-content\/uploads\/2025\/10\/558214981_830363036339032_7872490698415127022_n-768x506.jpg 768w, https:\/\/antigravitation.pl\/wp-content\/uploads\/2025\/10\/558214981_830363036339032_7872490698415127022_n-1536x1011.jpg 1536w, https:\/\/antigravitation.pl\/wp-content\/uploads\/2025\/10\/558214981_830363036339032_7872490698415127022_n-1140x751.jpg 1140w, https:\/\/antigravitation.pl\/wp-content\/uploads\/2025\/10\/558214981_830363036339032_7872490698415127022_n.jpg 1920w\" sizes=\"(max-width: 1024px) 100vw, 1024px\" \/><\/figure>\n\n\n\n<figure class=\"wp-block-image size-large\"><img decoding=\"async\" width=\"1024\" height=\"689\" data-id=\"260\" src=\"https:\/\/antigravitation.pl\/wp-content\/uploads\/2025\/10\/557706632_830362933005709_2531559174647584522_n-1024x689.jpg\" alt=\"\" class=\"wp-image-260\" srcset=\"https:\/\/antigravitation.pl\/wp-content\/uploads\/2025\/10\/557706632_830362933005709_2531559174647584522_n-1024x689.jpg 1024w, https:\/\/antigravitation.pl\/wp-content\/uploads\/2025\/10\/557706632_830362933005709_2531559174647584522_n-300x202.jpg 300w, https:\/\/antigravitation.pl\/wp-content\/uploads\/2025\/10\/557706632_830362933005709_2531559174647584522_n-768x517.jpg 768w, https:\/\/antigravitation.pl\/wp-content\/uploads\/2025\/10\/557706632_830362933005709_2531559174647584522_n-1536x1034.jpg 1536w, https:\/\/antigravitation.pl\/wp-content\/uploads\/2025\/10\/557706632_830362933005709_2531559174647584522_n-1140x767.jpg 1140w, https:\/\/antigravitation.pl\/wp-content\/uploads\/2025\/10\/557706632_830362933005709_2531559174647584522_n.jpg 1920w\" sizes=\"(max-width: 1024px) 100vw, 1024px\" \/><\/figure>\n\n\n\n<figure class=\"wp-block-image size-large\"><img decoding=\"async\" width=\"1024\" height=\"666\" data-id=\"259\" src=\"https:\/\/antigravitation.pl\/wp-content\/uploads\/2025\/10\/558300707_830363056339030_6649475739945208652_n-1024x666.jpg\" alt=\"\" class=\"wp-image-259\" srcset=\"https:\/\/antigravitation.pl\/wp-content\/uploads\/2025\/10\/558300707_830363056339030_6649475739945208652_n-1024x666.jpg 1024w, https:\/\/antigravitation.pl\/wp-content\/uploads\/2025\/10\/558300707_830363056339030_6649475739945208652_n-300x195.jpg 300w, https:\/\/antigravitation.pl\/wp-content\/uploads\/2025\/10\/558300707_830363056339030_6649475739945208652_n-768x500.jpg 768w, https:\/\/antigravitation.pl\/wp-content\/uploads\/2025\/10\/558300707_830363056339030_6649475739945208652_n-1536x999.jpg 1536w, https:\/\/antigravitation.pl\/wp-content\/uploads\/2025\/10\/558300707_830363056339030_6649475739945208652_n-1140x742.jpg 1140w, https:\/\/antigravitation.pl\/wp-content\/uploads\/2025\/10\/558300707_830363056339030_6649475739945208652_n.jpg 1920w\" sizes=\"(max-width: 1024px) 100vw, 1024px\" \/><\/figure>\n\n\n\n<figure class=\"wp-block-image size-large\"><img decoding=\"async\" width=\"1024\" height=\"679\" data-id=\"264\" src=\"https:\/\/antigravitation.pl\/wp-content\/uploads\/2025\/10\/558300146_830362866339049_6993566512575007840_n-1024x679.jpg\" alt=\"\" class=\"wp-image-264\" srcset=\"https:\/\/antigravitation.pl\/wp-content\/uploads\/2025\/10\/558300146_830362866339049_6993566512575007840_n-1024x679.jpg 1024w, https:\/\/antigravitation.pl\/wp-content\/uploads\/2025\/10\/558300146_830362866339049_6993566512575007840_n-300x199.jpg 300w, https:\/\/antigravitation.pl\/wp-content\/uploads\/2025\/10\/558300146_830362866339049_6993566512575007840_n-768x510.jpg 768w, https:\/\/antigravitation.pl\/wp-content\/uploads\/2025\/10\/558300146_830362866339049_6993566512575007840_n-1536x1019.jpg 1536w, https:\/\/antigravitation.pl\/wp-content\/uploads\/2025\/10\/558300146_830362866339049_6993566512575007840_n-1140x756.jpg 1140w, https:\/\/antigravitation.pl\/wp-content\/uploads\/2025\/10\/558300146_830362866339049_6993566512575007840_n.jpg 1920w\" sizes=\"(max-width: 1024px) 100vw, 1024px\" \/><\/figure>\n\n\n\n<figure class=\"wp-block-image size-large\"><img decoding=\"async\" width=\"1024\" height=\"703\" data-id=\"263\" src=\"https:\/\/antigravitation.pl\/wp-content\/uploads\/2025\/10\/558300146_830362866339049_69935665125d75007840_n-1024x703.jpg\" alt=\"\" class=\"wp-image-263\" srcset=\"https:\/\/antigravitation.pl\/wp-content\/uploads\/2025\/10\/558300146_830362866339049_69935665125d75007840_n-1024x703.jpg 1024w, https:\/\/antigravitation.pl\/wp-content\/uploads\/2025\/10\/558300146_830362866339049_69935665125d75007840_n-300x206.jpg 300w, https:\/\/antigravitation.pl\/wp-content\/uploads\/2025\/10\/558300146_830362866339049_69935665125d75007840_n-768x527.jpg 768w, https:\/\/antigravitation.pl\/wp-content\/uploads\/2025\/10\/558300146_830362866339049_69935665125d75007840_n-1536x1054.jpg 1536w, https:\/\/antigravitation.pl\/wp-content\/uploads\/2025\/10\/558300146_830362866339049_69935665125d75007840_n-1140x783.jpg 1140w, https:\/\/antigravitation.pl\/wp-content\/uploads\/2025\/10\/558300146_830362866339049_69935665125d75007840_n.jpg 1920w\" sizes=\"(max-width: 1024px) 100vw, 1024px\" \/><\/figure>\n\n\n\n<figure class=\"wp-block-image size-large\"><img decoding=\"async\" width=\"1024\" height=\"714\" data-id=\"258\" src=\"https:\/\/antigravitation.pl\/wp-content\/uploads\/2025\/10\/557631162_830362893005713_5256551355316106184_n-1024x714.jpg\" alt=\"\" class=\"wp-image-258\" srcset=\"https:\/\/antigravitation.pl\/wp-content\/uploads\/2025\/10\/557631162_830362893005713_5256551355316106184_n-1024x714.jpg 1024w, https:\/\/antigravitation.pl\/wp-content\/uploads\/2025\/10\/557631162_830362893005713_5256551355316106184_n-300x209.jpg 300w, https:\/\/antigravitation.pl\/wp-content\/uploads\/2025\/10\/557631162_830362893005713_5256551355316106184_n-768x535.jpg 768w, https:\/\/antigravitation.pl\/wp-content\/uploads\/2025\/10\/557631162_830362893005713_5256551355316106184_n-1536x1070.jpg 1536w, https:\/\/antigravitation.pl\/wp-content\/uploads\/2025\/10\/557631162_830362893005713_5256551355316106184_n-1140x794.jpg 1140w, https:\/\/antigravitation.pl\/wp-content\/uploads\/2025\/10\/557631162_830362893005713_5256551355316106184_n.jpg 1920w\" sizes=\"(max-width: 1024px) 100vw, 1024px\" \/><\/figure>\n<\/figure>\n\n\n\n<figure class=\"wp-block-gallery has-nested-images columns-default is-cropped wp-block-gallery-2 is-layout-flex wp-block-gallery-is-layout-flex\">\n<figure class=\"wp-block-image size-large\"><img decoding=\"async\" width=\"757\" height=\"1024\" data-id=\"275\" src=\"https:\/\/antigravitation.pl\/wp-content\/uploads\/2025\/11\/CRAZY-COFFEE-OVERDOSEOK-757x1024.jpg\" alt=\"\" class=\"wp-image-275\" srcset=\"https:\/\/antigravitation.pl\/wp-content\/uploads\/2025\/11\/CRAZY-COFFEE-OVERDOSEOK-757x1024.jpg 757w, https:\/\/antigravitation.pl\/wp-content\/uploads\/2025\/11\/CRAZY-COFFEE-OVERDOSEOK-222x300.jpg 222w, https:\/\/antigravitation.pl\/wp-content\/uploads\/2025\/11\/CRAZY-COFFEE-OVERDOSEOK-768x1039.jpg 768w, https:\/\/antigravitation.pl\/wp-content\/uploads\/2025\/11\/CRAZY-COFFEE-OVERDOSEOK-1135x1536.jpg 1135w, https:\/\/antigravitation.pl\/wp-content\/uploads\/2025\/11\/CRAZY-COFFEE-OVERDOSEOK-1140x1543.jpg 1140w, https:\/\/antigravitation.pl\/wp-content\/uploads\/2025\/11\/CRAZY-COFFEE-OVERDOSEOK.jpg 1183w\" sizes=\"(max-width: 757px) 100vw, 757px\" \/><\/figure>\n\n\n\n<figure class=\"wp-block-image size-large\"><img decoding=\"async\" width=\"715\" height=\"1024\" data-id=\"274\" src=\"https:\/\/antigravitation.pl\/wp-content\/uploads\/2025\/11\/CRAZY-FROGOK-715x1024.jpg\" alt=\"\" class=\"wp-image-274\" srcset=\"https:\/\/antigravitation.pl\/wp-content\/uploads\/2025\/11\/CRAZY-FROGOK-715x1024.jpg 715w, https:\/\/antigravitation.pl\/wp-content\/uploads\/2025\/11\/CRAZY-FROGOK-209x300.jpg 209w, https:\/\/antigravitation.pl\/wp-content\/uploads\/2025\/11\/CRAZY-FROGOK-768x1100.jpg 768w, https:\/\/antigravitation.pl\/wp-content\/uploads\/2025\/11\/CRAZY-FROGOK-1072x1536.jpg 1072w, https:\/\/antigravitation.pl\/wp-content\/uploads\/2025\/11\/CRAZY-FROGOK.jpg 1095w\" sizes=\"(max-width: 715px) 100vw, 715px\" \/><\/figure>\n\n\n\n<figure class=\"wp-block-image size-large\"><img decoding=\"async\" width=\"755\" height=\"1024\" data-id=\"279\" src=\"https:\/\/antigravitation.pl\/wp-content\/uploads\/2025\/11\/CRAZY-PLOT-TWISTOK-755x1024.jpg\" alt=\"\" class=\"wp-image-279\" srcset=\"https:\/\/antigravitation.pl\/wp-content\/uploads\/2025\/11\/CRAZY-PLOT-TWISTOK-755x1024.jpg 755w, https:\/\/antigravitation.pl\/wp-content\/uploads\/2025\/11\/CRAZY-PLOT-TWISTOK-221x300.jpg 221w, https:\/\/antigravitation.pl\/wp-content\/uploads\/2025\/11\/CRAZY-PLOT-TWISTOK-768x1042.jpg 768w, https:\/\/antigravitation.pl\/wp-content\/uploads\/2025\/11\/CRAZY-PLOT-TWISTOK-1133x1536.jpg 1133w, https:\/\/antigravitation.pl\/wp-content\/uploads\/2025\/11\/CRAZY-PLOT-TWISTOK-1140x1546.jpg 1140w, https:\/\/antigravitation.pl\/wp-content\/uploads\/2025\/11\/CRAZY-PLOT-TWISTOK.jpg 1314w\" sizes=\"(max-width: 755px) 100vw, 755px\" \/><\/figure>\n\n\n\n<figure class=\"wp-block-image size-large\"><img decoding=\"async\" width=\"729\" height=\"1024\" data-id=\"277\" src=\"https:\/\/antigravitation.pl\/wp-content\/uploads\/2025\/11\/CRAZY-BUT-AMAZINGOK-729x1024.jpg\" alt=\"\" class=\"wp-image-277\" srcset=\"https:\/\/antigravitation.pl\/wp-content\/uploads\/2025\/11\/CRAZY-BUT-AMAZINGOK-729x1024.jpg 729w, https:\/\/antigravitation.pl\/wp-content\/uploads\/2025\/11\/CRAZY-BUT-AMAZINGOK-214x300.jpg 214w, https:\/\/antigravitation.pl\/wp-content\/uploads\/2025\/11\/CRAZY-BUT-AMAZINGOK-768x1079.jpg 768w, https:\/\/antigravitation.pl\/wp-content\/uploads\/2025\/11\/CRAZY-BUT-AMAZINGOK-1094x1536.jpg 1094w, https:\/\/antigravitation.pl\/wp-content\/uploads\/2025\/11\/CRAZY-BUT-AMAZINGOK-1140x1601.jpg 1140w, https:\/\/antigravitation.pl\/wp-content\/uploads\/2025\/11\/CRAZY-BUT-AMAZINGOK.jpg 1281w\" sizes=\"(max-width: 729px) 100vw, 729px\" \/><\/figure>\n\n\n\n<figure class=\"wp-block-image size-large\"><img decoding=\"async\" width=\"780\" height=\"1024\" data-id=\"280\" src=\"https:\/\/antigravitation.pl\/wp-content\/uploads\/2025\/11\/OnomatopeiaOK-780x1024.jpg\" alt=\"\" class=\"wp-image-280\" srcset=\"https:\/\/antigravitation.pl\/wp-content\/uploads\/2025\/11\/OnomatopeiaOK-780x1024.jpg 780w, https:\/\/antigravitation.pl\/wp-content\/uploads\/2025\/11\/OnomatopeiaOK-228x300.jpg 228w, https:\/\/antigravitation.pl\/wp-content\/uploads\/2025\/11\/OnomatopeiaOK-768x1009.jpg 768w, https:\/\/antigravitation.pl\/wp-content\/uploads\/2025\/11\/OnomatopeiaOK-1170x1536.jpg 1170w, https:\/\/antigravitation.pl\/wp-content\/uploads\/2025\/11\/OnomatopeiaOK-1140x1497.jpg 1140w, https:\/\/antigravitation.pl\/wp-content\/uploads\/2025\/11\/OnomatopeiaOK.jpg 1462w\" sizes=\"(max-width: 780px) 100vw, 780px\" \/><\/figure>\n\n\n\n<figure class=\"wp-block-image size-large\"><img decoding=\"async\" width=\"773\" height=\"1024\" data-id=\"278\" src=\"https:\/\/antigravitation.pl\/wp-content\/uploads\/2025\/11\/CRAZY-DRAMA-QUEENok-773x1024.jpg\" alt=\"\" class=\"wp-image-278\" srcset=\"https:\/\/antigravitation.pl\/wp-content\/uploads\/2025\/11\/CRAZY-DRAMA-QUEENok-773x1024.jpg 773w, https:\/\/antigravitation.pl\/wp-content\/uploads\/2025\/11\/CRAZY-DRAMA-QUEENok-226x300.jpg 226w, https:\/\/antigravitation.pl\/wp-content\/uploads\/2025\/11\/CRAZY-DRAMA-QUEENok-768x1018.jpg 768w, https:\/\/antigravitation.pl\/wp-content\/uploads\/2025\/11\/CRAZY-DRAMA-QUEENok-1159x1536.jpg 1159w, https:\/\/antigravitation.pl\/wp-content\/uploads\/2025\/11\/CRAZY-DRAMA-QUEENok-1140x1511.jpg 1140w, https:\/\/antigravitation.pl\/wp-content\/uploads\/2025\/11\/CRAZY-DRAMA-QUEENok.jpg 1386w\" sizes=\"(max-width: 773px) 100vw, 773px\" \/><\/figure>\n\n\n\n<figure class=\"wp-block-image size-large\"><img decoding=\"async\" width=\"704\" height=\"1024\" data-id=\"276\" src=\"https:\/\/antigravitation.pl\/wp-content\/uploads\/2025\/11\/CRAZY-TRAINokok-704x1024.jpg\" alt=\"\" class=\"wp-image-276\" srcset=\"https:\/\/antigravitation.pl\/wp-content\/uploads\/2025\/11\/CRAZY-TRAINokok-704x1024.jpg 704w, https:\/\/antigravitation.pl\/wp-content\/uploads\/2025\/11\/CRAZY-TRAINokok-206x300.jpg 206w, https:\/\/antigravitation.pl\/wp-content\/uploads\/2025\/11\/CRAZY-TRAINokok-768x1118.jpg 768w, https:\/\/antigravitation.pl\/wp-content\/uploads\/2025\/11\/CRAZY-TRAINokok-1056x1536.jpg 1056w, https:\/\/antigravitation.pl\/wp-content\/uploads\/2025\/11\/CRAZY-TRAINokok.jpg 1138w\" sizes=\"(max-width: 704px) 100vw, 704px\" \/><\/figure>\n<\/figure>\n","protected":false},"excerpt":{"rendered":"<p>[Wszystkie szczeniaki z tego miotu maj\u0105 ju\u017c swoje rodziny] 18 wrze\u015bnia 2025 roku na \u015bwiat przysz\u0142o 7 szczeni\u0105t z miotu C. Rodzicami zostali LADY CLOE from Fairy Shadows i EYES ON THE PRICE Rosycheeks. Jest to powt\u00f3rka ca\u0142kiem udanego miotu S. Spodziewamy si\u0119 szczeni\u0105t inteligentnych (co mo\u017ce by\u0107 zar\u00f3wno wad\u0105 jak i zalet\u0105) oraz kochaj\u0105cych prac\u0119 z cz\u0142owiekiem. Zapraszamy do kontaktu. &#8211; &#8211; &#8211; &#8211; &#8211; &#8211; Szczeniaki z tego miotu to: ~ CRAZY DRAMA QUEEN Antigravitation \u2013 samica, red tricolor, ogon pe\u0142ny ~ CRAZY TRAIN Antigravitation \u2013 samiec, red tricolor, nbt ~ CRAZY FROG Antigravitation \u2013 samiec, red merle, ogon pe\u0142ny ~ CRAZY BUT AMAZING Antigravitation \u2013 samiec, blue merle, nbt ~ CRAZY PLOT TWIST Antigravitation \u2013 samica, blue merle, ogon pe\u0142ny ~ CRAZY ONOMATOPEIA Antigravitation \u2013 samica, blue merle, nbt ~ CRAZY COFFEE OVERDOSE Antigravitation \u2013 samiec, red tricolor, nbt<\/p>\n","protected":false},"author":2,"featured_media":0,"parent":175,"menu_order":0,"comment_status":"closed","ping_status":"closed","template":"","meta":{"footnotes":""},"class_list":["post-255","page","type-page","status-publish","hentry"],"_links":{"self":[{"href":"https:\/\/antigravitation.pl\/index.php?rest_route=\/wp\/v2\/pages\/255","targetHints":{"allow":["GET"]}}],"collection":[{"href":"https:\/\/antigravitation.pl\/index.php?rest_route=\/wp\/v2\/pages"}],"about":[{"href":"https:\/\/antigravitation.pl\/index.php?rest_route=\/wp\/v2\/types\/page"}],"author":[{"embeddable":true,"href":"https:\/\/antigravitation.pl\/index.php?rest_route=\/wp\/v2\/users\/2"}],"replies":[{"embeddable":true,"href":"https:\/\/antigravitation.pl\/index.php?rest_route=%2Fwp%2Fv2%2Fcomments&post=255"}],"version-history":[{"count":7,"href":"https:\/\/antigravitation.pl\/index.php?rest_route=\/wp\/v2\/pages\/255\/revisions"}],"predecessor-version":[{"id":284,"href":"https:\/\/antigravitation.pl\/index.php?rest_route=\/wp\/v2\/pages\/255\/revisions\/284"}],"up":[{"embeddable":true,"href":"https:\/\/antigravitation.pl\/index.php?rest_route=\/wp\/v2\/pages\/175"}],"wp:attachment":[{"href":"https:\/\/antigravitation.pl\/index.php?rest_route=%2Fwp%2Fv2%2Fmedia&parent=255"}],"curies":[{"name":"wp","href":"https:\/\/api.w.org\/{rel}","templated":true}]}}