{"id":175,"date":"2023-03-11T16:42:38","date_gmt":"2023-03-11T15:42:38","guid":{"rendered":"https:\/\/antigravitation.pl\/?page_id=175"},"modified":"2024-09-04T12:20:02","modified_gmt":"2024-09-04T10:20:02","slug":"szczenieta-2","status":"publish","type":"page","link":"https:\/\/antigravitation.pl\/?page_id=175","title":{"rendered":"Szczeni\u0119ta"},"content":{"rendered":"\n<p>Wszystkie szczeniaki z tego miotu maj\u0105 ju\u017c nowy dom.<\/p>\n\n\n\n<p>8 czerwca 2024 na \u015bwiat przysz\u0142o 9 wspania\u0142ych szczeni\u0105t! Rodzicami zostali <strong>Lady Cloe From Fairy Shadows<\/strong> oraz<strong> I Am Little Legacy Aneleh Czech<\/strong>. W loterii genetycznej wylosowa\u0142o si\u0119 kilka szczeniak\u00f3w black dilute. Rodzice s\u0105 zdrowi, maj\u0105 aktualne certyfikaty badania oczu, zostali przebadani w kierunku dysplazji bioder i \u0142okci oraz wyst\u0119puj\u0105cych w rasie chor\u00f3b genetycznych.<\/p>\n\n\n\n<figure class=\"wp-block-image size-full\"><img decoding=\"async\" width=\"1008\" height=\"756\" src=\"https:\/\/antigravitation.pl\/wp-content\/uploads\/2024\/06\/Ojojo2.jpg\" alt=\"\" class=\"wp-image-205\" srcset=\"https:\/\/antigravitation.pl\/wp-content\/uploads\/2024\/06\/Ojojo2.jpg 1008w, https:\/\/antigravitation.pl\/wp-content\/uploads\/2024\/06\/Ojojo2-300x225.jpg 300w, https:\/\/antigravitation.pl\/wp-content\/uploads\/2024\/06\/Ojojo2-768x576.jpg 768w\" sizes=\"(max-width: 1008px) 100vw, 1008px\" \/><\/figure>\n\n\n\n<p><\/p>\n\n\n\n<figure class=\"wp-block-image size-large\"><img decoding=\"async\" width=\"1024\" height=\"683\" src=\"https:\/\/antigravitation.pl\/wp-content\/uploads\/2024\/08\/MG_6934JPG15-1-1024x683.jpg\" alt=\"\" class=\"wp-image-243\" srcset=\"https:\/\/antigravitation.pl\/wp-content\/uploads\/2024\/08\/MG_6934JPG15-1-1024x683.jpg 1024w, https:\/\/antigravitation.pl\/wp-content\/uploads\/2024\/08\/MG_6934JPG15-1-300x200.jpg 300w, https:\/\/antigravitation.pl\/wp-content\/uploads\/2024\/08\/MG_6934JPG15-1-768x512.jpg 768w, https:\/\/antigravitation.pl\/wp-content\/uploads\/2024\/08\/MG_6934JPG15-1-1536x1024.jpg 1536w, https:\/\/antigravitation.pl\/wp-content\/uploads\/2024\/08\/MG_6934JPG15-1-1140x760.jpg 1140w, https:\/\/antigravitation.pl\/wp-content\/uploads\/2024\/08\/MG_6934JPG15-1.jpg 1920w\" sizes=\"(max-width: 1024px) 100vw, 1024px\" \/><figcaption class=\"wp-element-caption\">RAY OF LIGHT<\/figcaption><\/figure>\n\n\n\n<figure class=\"wp-block-image size-large\"><img decoding=\"async\" width=\"1024\" height=\"683\" src=\"https:\/\/antigravitation.pl\/wp-content\/uploads\/2024\/08\/MG_6894JPG7JPG14-1-1024x683.jpg\" alt=\"\" class=\"wp-image-238\" srcset=\"https:\/\/antigravitation.pl\/wp-content\/uploads\/2024\/08\/MG_6894JPG7JPG14-1-1024x683.jpg 1024w, https:\/\/antigravitation.pl\/wp-content\/uploads\/2024\/08\/MG_6894JPG7JPG14-1-300x200.jpg 300w, https:\/\/antigravitation.pl\/wp-content\/uploads\/2024\/08\/MG_6894JPG7JPG14-1-768x512.jpg 768w, https:\/\/antigravitation.pl\/wp-content\/uploads\/2024\/08\/MG_6894JPG7JPG14-1-1536x1024.jpg 1536w, https:\/\/antigravitation.pl\/wp-content\/uploads\/2024\/08\/MG_6894JPG7JPG14-1-1140x760.jpg 1140w, https:\/\/antigravitation.pl\/wp-content\/uploads\/2024\/08\/MG_6894JPG7JPG14-1.jpg 1920w\" sizes=\"(max-width: 1024px) 100vw, 1024px\" \/><figcaption class=\"wp-element-caption\">RAPAPARA<\/figcaption><\/figure>\n\n\n\n<figure class=\"wp-block-image size-large\"><img decoding=\"async\" width=\"1024\" height=\"683\" src=\"https:\/\/antigravitation.pl\/wp-content\/uploads\/2024\/08\/MG_6836JPG11-1-1024x683.jpg\" alt=\"\" class=\"wp-image-240\" srcset=\"https:\/\/antigravitation.pl\/wp-content\/uploads\/2024\/08\/MG_6836JPG11-1-1024x683.jpg 1024w, https:\/\/antigravitation.pl\/wp-content\/uploads\/2024\/08\/MG_6836JPG11-1-300x200.jpg 300w, https:\/\/antigravitation.pl\/wp-content\/uploads\/2024\/08\/MG_6836JPG11-1-768x512.jpg 768w, https:\/\/antigravitation.pl\/wp-content\/uploads\/2024\/08\/MG_6836JPG11-1-1536x1024.jpg 1536w, https:\/\/antigravitation.pl\/wp-content\/uploads\/2024\/08\/MG_6836JPG11-1-1140x760.jpg 1140w, https:\/\/antigravitation.pl\/wp-content\/uploads\/2024\/08\/MG_6836JPG11-1.jpg 1920w\" sizes=\"(max-width: 1024px) 100vw, 1024px\" \/><figcaption class=\"wp-element-caption\">RAMPAGING ROSIE<\/figcaption><\/figure>\n\n\n\n<figure class=\"wp-block-image size-large is-resized\"><img decoding=\"async\" width=\"1024\" height=\"683\" src=\"https:\/\/antigravitation.pl\/wp-content\/uploads\/2024\/08\/MG_6816JPG9-1-1024x683.jpg\" alt=\"\" class=\"wp-image-245\" style=\"width:840px;height:auto\" srcset=\"https:\/\/antigravitation.pl\/wp-content\/uploads\/2024\/08\/MG_6816JPG9-1-1024x683.jpg 1024w, https:\/\/antigravitation.pl\/wp-content\/uploads\/2024\/08\/MG_6816JPG9-1-300x200.jpg 300w, https:\/\/antigravitation.pl\/wp-content\/uploads\/2024\/08\/MG_6816JPG9-1-768x512.jpg 768w, https:\/\/antigravitation.pl\/wp-content\/uploads\/2024\/08\/MG_6816JPG9-1-1536x1024.jpg 1536w, https:\/\/antigravitation.pl\/wp-content\/uploads\/2024\/08\/MG_6816JPG9-1-1140x760.jpg 1140w, https:\/\/antigravitation.pl\/wp-content\/uploads\/2024\/08\/MG_6816JPG9-1.jpg 1920w\" sizes=\"(max-width: 1024px) 100vw, 1024px\" \/><figcaption class=\"wp-element-caption\">ROOSTER<\/figcaption><\/figure>\n\n\n\n<figure class=\"wp-block-image size-large\"><img decoding=\"async\" width=\"1024\" height=\"683\" src=\"https:\/\/antigravitation.pl\/wp-content\/uploads\/2024\/08\/MG_6696JPG1-1-1024x683.jpg\" alt=\"\" class=\"wp-image-239\" srcset=\"https:\/\/antigravitation.pl\/wp-content\/uploads\/2024\/08\/MG_6696JPG1-1-1024x683.jpg 1024w, https:\/\/antigravitation.pl\/wp-content\/uploads\/2024\/08\/MG_6696JPG1-1-300x200.jpg 300w, https:\/\/antigravitation.pl\/wp-content\/uploads\/2024\/08\/MG_6696JPG1-1-768x512.jpg 768w, https:\/\/antigravitation.pl\/wp-content\/uploads\/2024\/08\/MG_6696JPG1-1-1536x1024.jpg 1536w, https:\/\/antigravitation.pl\/wp-content\/uploads\/2024\/08\/MG_6696JPG1-1-1140x760.jpg 1140w, https:\/\/antigravitation.pl\/wp-content\/uploads\/2024\/08\/MG_6696JPG1-1.jpg 1920w\" sizes=\"(max-width: 1024px) 100vw, 1024px\" \/><figcaption class=\"wp-element-caption\">RABARBAR<\/figcaption><\/figure>\n\n\n\n<figure class=\"wp-block-image size-large\"><img decoding=\"async\" width=\"1024\" height=\"683\" src=\"https:\/\/antigravitation.pl\/wp-content\/uploads\/2024\/08\/MG_6971JPG9-1-1024x683.jpg\" alt=\"\" class=\"wp-image-241\" srcset=\"https:\/\/antigravitation.pl\/wp-content\/uploads\/2024\/08\/MG_6971JPG9-1-1024x683.jpg 1024w, https:\/\/antigravitation.pl\/wp-content\/uploads\/2024\/08\/MG_6971JPG9-1-300x200.jpg 300w, https:\/\/antigravitation.pl\/wp-content\/uploads\/2024\/08\/MG_6971JPG9-1-768x512.jpg 768w, https:\/\/antigravitation.pl\/wp-content\/uploads\/2024\/08\/MG_6971JPG9-1-1536x1024.jpg 1536w, https:\/\/antigravitation.pl\/wp-content\/uploads\/2024\/08\/MG_6971JPG9-1-1140x760.jpg 1140w, https:\/\/antigravitation.pl\/wp-content\/uploads\/2024\/08\/MG_6971JPG9-1.jpg 1920w\" sizes=\"(max-width: 1024px) 100vw, 1024px\" \/><figcaption class=\"wp-element-caption\">RASENGAN<\/figcaption><\/figure>\n\n\n\n<figure class=\"wp-block-image size-large\"><img decoding=\"async\" width=\"683\" height=\"1024\" src=\"https:\/\/antigravitation.pl\/wp-content\/uploads\/2024\/08\/MG_6721JPG2-1-683x1024.jpg\" alt=\"\" class=\"wp-image-244\" srcset=\"https:\/\/antigravitation.pl\/wp-content\/uploads\/2024\/08\/MG_6721JPG2-1-683x1024.jpg 683w, https:\/\/antigravitation.pl\/wp-content\/uploads\/2024\/08\/MG_6721JPG2-1-200x300.jpg 200w, https:\/\/antigravitation.pl\/wp-content\/uploads\/2024\/08\/MG_6721JPG2-1-768x1152.jpg 768w, https:\/\/antigravitation.pl\/wp-content\/uploads\/2024\/08\/MG_6721JPG2-1-1024x1536.jpg 1024w, https:\/\/antigravitation.pl\/wp-content\/uploads\/2024\/08\/MG_6721JPG2-1-1140x1710.jpg 1140w, https:\/\/antigravitation.pl\/wp-content\/uploads\/2024\/08\/MG_6721JPG2-1.jpg 1280w\" sizes=\"(max-width: 683px) 100vw, 683px\" \/><figcaption class=\"wp-element-caption\">RELEASE THE KRAKEN<\/figcaption><\/figure>\n\n\n\n<figure class=\"wp-block-image size-large\"><img decoding=\"async\" width=\"1024\" height=\"683\" src=\"https:\/\/antigravitation.pl\/wp-content\/uploads\/2024\/08\/MG_6760JPG7-1-1-1024x683.jpg\" alt=\"\" class=\"wp-image-246\" srcset=\"https:\/\/antigravitation.pl\/wp-content\/uploads\/2024\/08\/MG_6760JPG7-1-1-1024x683.jpg 1024w, https:\/\/antigravitation.pl\/wp-content\/uploads\/2024\/08\/MG_6760JPG7-1-1-300x200.jpg 300w, https:\/\/antigravitation.pl\/wp-content\/uploads\/2024\/08\/MG_6760JPG7-1-1-768x512.jpg 768w, https:\/\/antigravitation.pl\/wp-content\/uploads\/2024\/08\/MG_6760JPG7-1-1-1536x1024.jpg 1536w, https:\/\/antigravitation.pl\/wp-content\/uploads\/2024\/08\/MG_6760JPG7-1-1-1140x760.jpg 1140w, https:\/\/antigravitation.pl\/wp-content\/uploads\/2024\/08\/MG_6760JPG7-1-1.jpg 1920w\" sizes=\"(max-width: 1024px) 100vw, 1024px\" \/><figcaption class=\"wp-element-caption\">RIVER SONG<\/figcaption><\/figure>\n\n\n\n<figure class=\"wp-block-image size-large\"><img decoding=\"async\" width=\"1024\" height=\"683\" src=\"https:\/\/antigravitation.pl\/wp-content\/uploads\/2024\/08\/MG_6743JPG3JPG6-2-1-1024x683.jpg\" alt=\"\" class=\"wp-image-247\" srcset=\"https:\/\/antigravitation.pl\/wp-content\/uploads\/2024\/08\/MG_6743JPG3JPG6-2-1-1024x683.jpg 1024w, https:\/\/antigravitation.pl\/wp-content\/uploads\/2024\/08\/MG_6743JPG3JPG6-2-1-300x200.jpg 300w, https:\/\/antigravitation.pl\/wp-content\/uploads\/2024\/08\/MG_6743JPG3JPG6-2-1-768x512.jpg 768w, https:\/\/antigravitation.pl\/wp-content\/uploads\/2024\/08\/MG_6743JPG3JPG6-2-1-1536x1024.jpg 1536w, https:\/\/antigravitation.pl\/wp-content\/uploads\/2024\/08\/MG_6743JPG3JPG6-2-1-1140x760.jpg 1140w, https:\/\/antigravitation.pl\/wp-content\/uploads\/2024\/08\/MG_6743JPG3JPG6-2-1.jpg 1920w\" sizes=\"(max-width: 1024px) 100vw, 1024px\" \/><figcaption class=\"wp-element-caption\">RIVER SONG<\/figcaption><\/figure>\n\n\n\n<figure class=\"wp-block-image size-large\"><img decoding=\"async\" width=\"1024\" height=\"724\" src=\"https:\/\/antigravitation.pl\/wp-content\/uploads\/2024\/05\/Zapowiedz-miot-G-2024-1024x724.jpeg\" alt=\"\" class=\"wp-image-186\" srcset=\"https:\/\/antigravitation.pl\/wp-content\/uploads\/2024\/05\/Zapowiedz-miot-G-2024-1024x724.jpeg 1024w, https:\/\/antigravitation.pl\/wp-content\/uploads\/2024\/05\/Zapowiedz-miot-G-2024-300x212.jpeg 300w, https:\/\/antigravitation.pl\/wp-content\/uploads\/2024\/05\/Zapowiedz-miot-G-2024-768x543.jpeg 768w, https:\/\/antigravitation.pl\/wp-content\/uploads\/2024\/05\/Zapowiedz-miot-G-2024-1536x1086.jpeg 1536w, https:\/\/antigravitation.pl\/wp-content\/uploads\/2024\/05\/Zapowiedz-miot-G-2024-382x270.jpeg 382w, https:\/\/antigravitation.pl\/wp-content\/uploads\/2024\/05\/Zapowiedz-miot-G-2024.jpeg 1754w\" sizes=\"(max-width: 1024px) 100vw, 1024px\" \/><\/figure>\n\n\n\n<p>Do nowych dom\u00f3w szczeniaki pojad\u0105:<\/p>\n\n\n\n<ul class=\"wp-block-list\">\n<li>z metryk\u0105 ZKwP uprawniaj\u0105c\u0105 do wystawienia rodowodu<\/li>\n\n\n\n<li>odrobaczone i zaszczepione stosownie do wieku<\/li>\n\n\n\n<li>z certyfikatem badania klinicznego oczu<\/li>\n\n\n\n<li>z ksi\u0105\u017ceczk\u0105 zdrowia oraz wyprawk\u0105<\/li>\n<\/ul>\n\n\n\n<figure class=\"wp-block-image size-large\"><img decoding=\"async\" width=\"1024\" height=\"768\" src=\"https:\/\/antigravitation.pl\/wp-content\/uploads\/2024\/07\/River-3-tygodnie-2-1024x768.jpg\" alt=\"\" class=\"wp-image-208\" srcset=\"https:\/\/antigravitation.pl\/wp-content\/uploads\/2024\/07\/River-3-tygodnie-2-1024x768.jpg 1024w, https:\/\/antigravitation.pl\/wp-content\/uploads\/2024\/07\/River-3-tygodnie-2-300x225.jpg 300w, https:\/\/antigravitation.pl\/wp-content\/uploads\/2024\/07\/River-3-tygodnie-2-768x576.jpg 768w, https:\/\/antigravitation.pl\/wp-content\/uploads\/2024\/07\/River-3-tygodnie-2-1536x1152.jpg 1536w, https:\/\/antigravitation.pl\/wp-content\/uploads\/2024\/07\/River-3-tygodnie-2-1140x855.jpg 1140w, https:\/\/antigravitation.pl\/wp-content\/uploads\/2024\/07\/River-3-tygodnie-2.jpg 1920w\" sizes=\"(max-width: 1024px) 100vw, 1024px\" \/><\/figure>\n\n\n\n<p>RIVER SONG Antigravitation &#8211; dilute blue merle female, long tail<\/p>\n\n\n\n<figure class=\"wp-block-image size-large\"><img decoding=\"async\" width=\"1024\" height=\"768\" src=\"https:\/\/antigravitation.pl\/wp-content\/uploads\/2024\/07\/Kraken-3-tygodnie-2-1024x768.jpg\" alt=\"\" class=\"wp-image-209\" srcset=\"https:\/\/antigravitation.pl\/wp-content\/uploads\/2024\/07\/Kraken-3-tygodnie-2-1024x768.jpg 1024w, https:\/\/antigravitation.pl\/wp-content\/uploads\/2024\/07\/Kraken-3-tygodnie-2-300x225.jpg 300w, https:\/\/antigravitation.pl\/wp-content\/uploads\/2024\/07\/Kraken-3-tygodnie-2-768x576.jpg 768w, https:\/\/antigravitation.pl\/wp-content\/uploads\/2024\/07\/Kraken-3-tygodnie-2-1536x1152.jpg 1536w, https:\/\/antigravitation.pl\/wp-content\/uploads\/2024\/07\/Kraken-3-tygodnie-2-1140x855.jpg 1140w, https:\/\/antigravitation.pl\/wp-content\/uploads\/2024\/07\/Kraken-3-tygodnie-2.jpg 1920w\" sizes=\"(max-width: 1024px) 100vw, 1024px\" \/><\/figure>\n\n\n\n<p>RELEASE THE KRAKEN Antigravitation &#8211; dilute black tricolor male, long tail<\/p>\n\n\n\n<figure class=\"wp-block-image size-large\"><img decoding=\"async\" width=\"1024\" height=\"768\" src=\"https:\/\/antigravitation.pl\/wp-content\/uploads\/2024\/07\/Rabarbar-3-tygodnie-3-1024x768.jpg\" alt=\"\" class=\"wp-image-210\" srcset=\"https:\/\/antigravitation.pl\/wp-content\/uploads\/2024\/07\/Rabarbar-3-tygodnie-3-1024x768.jpg 1024w, https:\/\/antigravitation.pl\/wp-content\/uploads\/2024\/07\/Rabarbar-3-tygodnie-3-300x225.jpg 300w, https:\/\/antigravitation.pl\/wp-content\/uploads\/2024\/07\/Rabarbar-3-tygodnie-3-768x576.jpg 768w, https:\/\/antigravitation.pl\/wp-content\/uploads\/2024\/07\/Rabarbar-3-tygodnie-3-1536x1152.jpg 1536w, https:\/\/antigravitation.pl\/wp-content\/uploads\/2024\/07\/Rabarbar-3-tygodnie-3-1140x855.jpg 1140w, https:\/\/antigravitation.pl\/wp-content\/uploads\/2024\/07\/Rabarbar-3-tygodnie-3.jpg 1920w\" sizes=\"(max-width: 1024px) 100vw, 1024px\" \/><\/figure>\n\n\n\n<p>RABARBAR Antigravitation &#8211; dilute black tricolor male, long tail<\/p>\n\n\n\n<figure class=\"wp-block-image size-large\"><img decoding=\"async\" width=\"1024\" height=\"768\" src=\"https:\/\/antigravitation.pl\/wp-content\/uploads\/2024\/07\/20240706_195253-1024x768.jpg\" alt=\"\" class=\"wp-image-211\" srcset=\"https:\/\/antigravitation.pl\/wp-content\/uploads\/2024\/07\/20240706_195253-1024x768.jpg 1024w, https:\/\/antigravitation.pl\/wp-content\/uploads\/2024\/07\/20240706_195253-300x225.jpg 300w, https:\/\/antigravitation.pl\/wp-content\/uploads\/2024\/07\/20240706_195253-768x576.jpg 768w, https:\/\/antigravitation.pl\/wp-content\/uploads\/2024\/07\/20240706_195253-1536x1152.jpg 1536w, https:\/\/antigravitation.pl\/wp-content\/uploads\/2024\/07\/20240706_195253-1140x855.jpg 1140w, https:\/\/antigravitation.pl\/wp-content\/uploads\/2024\/07\/20240706_195253.jpg 1920w\" sizes=\"(max-width: 1024px) 100vw, 1024px\" \/><\/figure>\n\n\n\n<p>ROOSTER Antigravitation &#8211; black tricolor male, long tail<\/p>\n\n\n\n<figure class=\"wp-block-image size-large\"><img decoding=\"async\" width=\"1024\" height=\"768\" src=\"https:\/\/antigravitation.pl\/wp-content\/uploads\/2024\/07\/20240706_195026-1024x768.jpg\" alt=\"\" class=\"wp-image-212\" srcset=\"https:\/\/antigravitation.pl\/wp-content\/uploads\/2024\/07\/20240706_195026-1024x768.jpg 1024w, https:\/\/antigravitation.pl\/wp-content\/uploads\/2024\/07\/20240706_195026-300x225.jpg 300w, https:\/\/antigravitation.pl\/wp-content\/uploads\/2024\/07\/20240706_195026-768x576.jpg 768w, https:\/\/antigravitation.pl\/wp-content\/uploads\/2024\/07\/20240706_195026-1536x1152.jpg 1536w, https:\/\/antigravitation.pl\/wp-content\/uploads\/2024\/07\/20240706_195026-1140x855.jpg 1140w, https:\/\/antigravitation.pl\/wp-content\/uploads\/2024\/07\/20240706_195026.jpg 1920w\" sizes=\"(max-width: 1024px) 100vw, 1024px\" \/><\/figure>\n\n\n\n<p>RAPAPARA Antigravitation &#8211; black tricolor female, long tail<\/p>\n\n\n\n<figure class=\"wp-block-image size-large\"><img decoding=\"async\" width=\"1024\" height=\"768\" src=\"https:\/\/antigravitation.pl\/wp-content\/uploads\/2024\/07\/Ray-3-tygodnie-2-1024x768.jpg\" alt=\"\" class=\"wp-image-213\" srcset=\"https:\/\/antigravitation.pl\/wp-content\/uploads\/2024\/07\/Ray-3-tygodnie-2-1024x768.jpg 1024w, https:\/\/antigravitation.pl\/wp-content\/uploads\/2024\/07\/Ray-3-tygodnie-2-300x225.jpg 300w, https:\/\/antigravitation.pl\/wp-content\/uploads\/2024\/07\/Ray-3-tygodnie-2-768x576.jpg 768w, https:\/\/antigravitation.pl\/wp-content\/uploads\/2024\/07\/Ray-3-tygodnie-2-1536x1152.jpg 1536w, https:\/\/antigravitation.pl\/wp-content\/uploads\/2024\/07\/Ray-3-tygodnie-2-1140x855.jpg 1140w, https:\/\/antigravitation.pl\/wp-content\/uploads\/2024\/07\/Ray-3-tygodnie-2.jpg 1920w\" sizes=\"(max-width: 1024px) 100vw, 1024px\" \/><\/figure>\n\n\n\n<p>RAY OF LIGHT  Antigravitation &#8211; dilute black tricolor female, long tail<\/p>\n\n\n\n<figure class=\"wp-block-image size-large\"><img decoding=\"async\" width=\"1024\" height=\"768\" src=\"https:\/\/antigravitation.pl\/wp-content\/uploads\/2024\/07\/Rasengan-3-tygodnie-1-1024x768.jpg\" alt=\"\" class=\"wp-image-214\" srcset=\"https:\/\/antigravitation.pl\/wp-content\/uploads\/2024\/07\/Rasengan-3-tygodnie-1-1024x768.jpg 1024w, https:\/\/antigravitation.pl\/wp-content\/uploads\/2024\/07\/Rasengan-3-tygodnie-1-300x225.jpg 300w, https:\/\/antigravitation.pl\/wp-content\/uploads\/2024\/07\/Rasengan-3-tygodnie-1-768x576.jpg 768w, https:\/\/antigravitation.pl\/wp-content\/uploads\/2024\/07\/Rasengan-3-tygodnie-1-1536x1152.jpg 1536w, https:\/\/antigravitation.pl\/wp-content\/uploads\/2024\/07\/Rasengan-3-tygodnie-1-1140x855.jpg 1140w, https:\/\/antigravitation.pl\/wp-content\/uploads\/2024\/07\/Rasengan-3-tygodnie-1.jpg 1920w\" sizes=\"(max-width: 1024px) 100vw, 1024px\" \/><\/figure>\n\n\n\n<p>RASENGAN Antigravitation &#8211; black tricolor male, long tail<\/p>\n\n\n\n<figure class=\"wp-block-image size-large\"><img decoding=\"async\" width=\"1024\" height=\"768\" src=\"https:\/\/antigravitation.pl\/wp-content\/uploads\/2024\/07\/Revolwer-3-tygodnie-2-1024x768.jpg\" alt=\"\" class=\"wp-image-215\" srcset=\"https:\/\/antigravitation.pl\/wp-content\/uploads\/2024\/07\/Revolwer-3-tygodnie-2-1024x768.jpg 1024w, https:\/\/antigravitation.pl\/wp-content\/uploads\/2024\/07\/Revolwer-3-tygodnie-2-300x225.jpg 300w, https:\/\/antigravitation.pl\/wp-content\/uploads\/2024\/07\/Revolwer-3-tygodnie-2-768x576.jpg 768w, https:\/\/antigravitation.pl\/wp-content\/uploads\/2024\/07\/Revolwer-3-tygodnie-2-1536x1152.jpg 1536w, https:\/\/antigravitation.pl\/wp-content\/uploads\/2024\/07\/Revolwer-3-tygodnie-2-1140x855.jpg 1140w, https:\/\/antigravitation.pl\/wp-content\/uploads\/2024\/07\/Revolwer-3-tygodnie-2.jpg 1920w\" sizes=\"(max-width: 1024px) 100vw, 1024px\" \/><\/figure>\n\n\n\n<p>ROZREWOLWEROWANY REWOLWEROWIEC Antigravitation &#8212; black tricolor male, long tail<\/p>\n","protected":false},"excerpt":{"rendered":"<p>Wszystkie szczeniaki z tego miotu maj\u0105 ju\u017c nowy dom. 8 czerwca 2024 na \u015bwiat przysz\u0142o 9 wspania\u0142ych szczeni\u0105t! Rodzicami zostali Lady Cloe From Fairy Shadows oraz I Am Little Legacy Aneleh Czech. W loterii genetycznej wylosowa\u0142o si\u0119 kilka szczeniak\u00f3w black dilute. Rodzice s\u0105 zdrowi, maj\u0105 aktualne certyfikaty badania oczu, zostali przebadani w kierunku dysplazji bioder i \u0142okci oraz wyst\u0119puj\u0105cych w rasie chor\u00f3b genetycznych. Do nowych dom\u00f3w szczeniaki pojad\u0105: RIVER SONG Antigravitation &#8211; dilute blue merle female, long tail RELEASE THE KRAKEN Antigravitation &#8211; dilute black tricolor male, long tail RABARBAR Antigravitation &#8211; dilute black tricolor male, long tail ROOSTER Antigravitation &#8211; black tricolor male, long tail RAPAPARA Antigravitation &#8211; black tricolor female, long tail RAY OF LIGHT Antigravitation &#8211; dilute black tricolor female, long tail RASENGAN Antigravitation &#8211; black tricolor male, long tail ROZREWOLWEROWANY REWOLWEROWIEC Antigravitation &#8212; black tricolor male, long tail<\/p>\n","protected":false},"author":2,"featured_media":0,"parent":0,"menu_order":0,"comment_status":"closed","ping_status":"closed","template":"","meta":{"footnotes":""},"class_list":["post-175","page","type-page","status-publish","hentry"],"_links":{"self":[{"href":"https:\/\/antigravitation.pl\/index.php?rest_route=\/wp\/v2\/pages\/175","targetHints":{"allow":["GET"]}}],"collection":[{"href":"https:\/\/antigravitation.pl\/index.php?rest_route=\/wp\/v2\/pages"}],"about":[{"href":"https:\/\/antigravitation.pl\/index.php?rest_route=\/wp\/v2\/types\/page"}],"author":[{"embeddable":true,"href":"https:\/\/antigravitation.pl\/index.php?rest_route=\/wp\/v2\/users\/2"}],"replies":[{"embeddable":true,"href":"https:\/\/antigravitation.pl\/index.php?rest_route=%2Fwp%2Fv2%2Fcomments&post=175"}],"version-history":[{"count":8,"href":"https:\/\/antigravitation.pl\/index.php?rest_route=\/wp\/v2\/pages\/175\/revisions"}],"predecessor-version":[{"id":251,"href":"https:\/\/antigravitation.pl\/index.php?rest_route=\/wp\/v2\/pages\/175\/revisions\/251"}],"wp:attachment":[{"href":"https:\/\/antigravitation.pl\/index.php?rest_route=%2Fwp%2Fv2%2Fmedia&parent=175"}],"curies":[{"name":"wp","href":"https:\/\/api.w.org\/{rel}","templated":true}]}}