{"id":113,"date":"2022-06-08T14:06:51","date_gmt":"2022-06-08T12:06:51","guid":{"rendered":"https:\/\/antigravitation.pl\/?page_id=113"},"modified":"2022-06-08T14:06:51","modified_gmt":"2022-06-08T12:06:51","slug":"cloe","status":"publish","type":"page","link":"https:\/\/antigravitation.pl\/?page_id=113","title":{"rendered":"Cloe"},"content":{"rendered":"\n<p><\/p>\n\n\n\n<p><strong>LADY CLOE From Fairy Shadows<\/strong><\/p>\n\n\n\n<ul class=\"has-light-gray-background-color has-background wp-block-list\"><li>Data urodzenia: 14.05.2020<\/li><li>Umaszczenie: red merle<\/li><li>Ogon: d\u0142ugi<\/li><li>22 kg<\/li><\/ul>\n\n\n\n<p>Cloe nie jest przesadnie ofutrzona. Na wystawach chwalono j\u0105 przede wszystkim za kszta\u0142t g\u0142owy, uszu i lini\u0119 grzbietu oraz temperament.<\/p>\n\n\n\n<figure class=\"wp-block-image size-large\"><img decoding=\"async\" width=\"1064\" height=\"593\" src=\"https:\/\/antigravitation.pl\/wp-content\/uploads\/2022\/06\/20211201_1303100-edited.jpg\" alt=\"\" class=\"wp-image-121\" srcset=\"https:\/\/antigravitation.pl\/wp-content\/uploads\/2022\/06\/20211201_1303100-edited.jpg 1064w, https:\/\/antigravitation.pl\/wp-content\/uploads\/2022\/06\/20211201_1303100-edited-300x167.jpg 300w, https:\/\/antigravitation.pl\/wp-content\/uploads\/2022\/06\/20211201_1303100-edited-1024x571.jpg 1024w, https:\/\/antigravitation.pl\/wp-content\/uploads\/2022\/06\/20211201_1303100-edited-768x428.jpg 768w, https:\/\/antigravitation.pl\/wp-content\/uploads\/2022\/06\/20211201_1303100-edited-484x270.jpg 484w\" sizes=\"(max-width: 1064px) 100vw, 1064px\" \/><\/figure>\n\n\n\n<p>Cloe kocha ludzi. Po prostu. Kocha z lud\u017ami przebywa\u0107, kocha z nimi pracowa\u0107. Jest \u0142asa na pochwa\u0142y. Na treningach daje z siebie 100%. Jest psem zr\u00f3wnowa\u017conym, a jednocze\u015bnie pe\u0142nym energii. Nie ma w niej cienia agresji. Bardzo ma\u0142o szczeka, g\u0142ownie wtedy, gdy ma jaki\u015b wa\u017cny pow\u00f3d.<\/p>\n\n\n\n<figure class=\"wp-block-gallery has-nested-images columns-default is-cropped wp-block-gallery-1 is-layout-flex wp-block-gallery-is-layout-flex\">\n<figure class=\"wp-block-image size-large\"><img decoding=\"async\" width=\"1024\" height=\"768\" data-id=\"123\" src=\"https:\/\/antigravitation.pl\/wp-content\/uploads\/2022\/06\/278576956_117281587612239_1565313184004467692_n-1-1024x768.jpg\" alt=\"\" class=\"wp-image-123\" srcset=\"https:\/\/antigravitation.pl\/wp-content\/uploads\/2022\/06\/278576956_117281587612239_1565313184004467692_n-1-1024x768.jpg 1024w, https:\/\/antigravitation.pl\/wp-content\/uploads\/2022\/06\/278576956_117281587612239_1565313184004467692_n-1-300x225.jpg 300w, https:\/\/antigravitation.pl\/wp-content\/uploads\/2022\/06\/278576956_117281587612239_1565313184004467692_n-1-768x576.jpg 768w, https:\/\/antigravitation.pl\/wp-content\/uploads\/2022\/06\/278576956_117281587612239_1565313184004467692_n-1-1536x1152.jpg 1536w, https:\/\/antigravitation.pl\/wp-content\/uploads\/2022\/06\/278576956_117281587612239_1565313184004467692_n-1-360x270.jpg 360w, https:\/\/antigravitation.pl\/wp-content\/uploads\/2022\/06\/278576956_117281587612239_1565313184004467692_n-1.jpg 1920w\" sizes=\"(max-width: 1024px) 100vw, 1024px\" \/><\/figure>\n\n\n\n<figure class=\"wp-block-image size-large\"><img decoding=\"async\" width=\"1024\" height=\"768\" data-id=\"124\" src=\"https:\/\/antigravitation.pl\/wp-content\/uploads\/2022\/06\/278574399_117281690945562_174326200380606453_n-1024x768.jpg\" alt=\"\" class=\"wp-image-124\" srcset=\"https:\/\/antigravitation.pl\/wp-content\/uploads\/2022\/06\/278574399_117281690945562_174326200380606453_n-1024x768.jpg 1024w, https:\/\/antigravitation.pl\/wp-content\/uploads\/2022\/06\/278574399_117281690945562_174326200380606453_n-300x225.jpg 300w, https:\/\/antigravitation.pl\/wp-content\/uploads\/2022\/06\/278574399_117281690945562_174326200380606453_n-768x576.jpg 768w, https:\/\/antigravitation.pl\/wp-content\/uploads\/2022\/06\/278574399_117281690945562_174326200380606453_n-1536x1152.jpg 1536w, https:\/\/antigravitation.pl\/wp-content\/uploads\/2022\/06\/278574399_117281690945562_174326200380606453_n-360x270.jpg 360w, https:\/\/antigravitation.pl\/wp-content\/uploads\/2022\/06\/278574399_117281690945562_174326200380606453_n.jpg 1920w\" sizes=\"(max-width: 1024px) 100vw, 1024px\" \/><\/figure>\n<\/figure>\n\n\n\n<ul class=\"has-light-gray-background-color has-background wp-block-list\"><li>RTG staw\u00f3w biodrowych <strong>HD-A<\/strong> oraz \u0142okciowych <strong>ED-0\/0<\/strong><\/li><li>Certyfikat badania oczu &#8211; <strong>czyste \/ clear<\/strong><\/li><li>HSF4, CMR1, prcd-PRA, CEA &#8211; <strong>clear<\/strong><\/li><li>MDR1 <strong>+\/-<\/strong><\/li><\/ul>\n\n\n\n<p><\/p>\n","protected":false},"excerpt":{"rendered":"<p>LADY CLOE From Fairy Shadows Data urodzenia: 14.05.2020 Umaszczenie: red merle Ogon: d\u0142ugi 22 kg Cloe nie jest przesadnie ofutrzona. Na wystawach chwalono j\u0105 przede wszystkim za kszta\u0142t g\u0142owy, uszu i lini\u0119 grzbietu oraz temperament. Cloe kocha ludzi. Po prostu. Kocha z lud\u017ami przebywa\u0107, kocha z nimi pracowa\u0107. Jest \u0142asa na pochwa\u0142y. Na treningach daje z siebie 100%. Jest psem zr\u00f3wnowa\u017conym, a jednocze\u015bnie pe\u0142nym energii. Nie ma w niej cienia agresji. Bardzo ma\u0142o szczeka, g\u0142ownie wtedy, gdy ma jaki\u015b wa\u017cny pow\u00f3d. RTG staw\u00f3w biodrowych HD-A oraz \u0142okciowych ED-0\/0 Certyfikat badania oczu &#8211; czyste \/ clear HSF4, CMR1, prcd-PRA, CEA &#8211; clear MDR1 +\/-<\/p>\n","protected":false},"author":2,"featured_media":0,"parent":0,"menu_order":0,"comment_status":"closed","ping_status":"closed","template":"","meta":{"footnotes":""},"class_list":["post-113","page","type-page","status-publish","hentry"],"_links":{"self":[{"href":"https:\/\/antigravitation.pl\/index.php?rest_route=\/wp\/v2\/pages\/113","targetHints":{"allow":["GET"]}}],"collection":[{"href":"https:\/\/antigravitation.pl\/index.php?rest_route=\/wp\/v2\/pages"}],"about":[{"href":"https:\/\/antigravitation.pl\/index.php?rest_route=\/wp\/v2\/types\/page"}],"author":[{"embeddable":true,"href":"https:\/\/antigravitation.pl\/index.php?rest_route=\/wp\/v2\/users\/2"}],"replies":[{"embeddable":true,"href":"https:\/\/antigravitation.pl\/index.php?rest_route=%2Fwp%2Fv2%2Fcomments&post=113"}],"version-history":[{"count":1,"href":"https:\/\/antigravitation.pl\/index.php?rest_route=\/wp\/v2\/pages\/113\/revisions"}],"predecessor-version":[{"id":125,"href":"https:\/\/antigravitation.pl\/index.php?rest_route=\/wp\/v2\/pages\/113\/revisions\/125"}],"wp:attachment":[{"href":"https:\/\/antigravitation.pl\/index.php?rest_route=%2Fwp%2Fv2%2Fmedia&parent=113"}],"curies":[{"name":"wp","href":"https:\/\/api.w.org\/{rel}","templated":true}]}}