{"id":102,"date":"2022-06-08T12:09:39","date_gmt":"2022-06-08T10:09:39","guid":{"rendered":"https:\/\/antigravitation.pl\/?page_id=102"},"modified":"2024-05-07T10:06:00","modified_gmt":"2024-05-07T08:06:00","slug":"witaj-na-stronie-hodowli-owczarkow-australijskich-antigravitation","status":"publish","type":"page","link":"https:\/\/antigravitation.pl\/","title":{"rendered":"Hodowla owczark\u00f3w australijskich"},"content":{"rendered":"\n<p><\/p>\n\n\n\n<p><\/p>\n\n\n<div class=\"wp-block-image\">\n<figure class=\"aligncenter size-full\"><img decoding=\"async\" width=\"891\" height=\"664\" src=\"https:\/\/antigravitation.pl\/wp-content\/uploads\/2022\/06\/Naprawdemaly-2.jpeg\" alt=\"\" class=\"wp-image-103\" srcset=\"https:\/\/antigravitation.pl\/wp-content\/uploads\/2022\/06\/Naprawdemaly-2.jpeg 891w, https:\/\/antigravitation.pl\/wp-content\/uploads\/2022\/06\/Naprawdemaly-2-300x224.jpeg 300w, https:\/\/antigravitation.pl\/wp-content\/uploads\/2022\/06\/Naprawdemaly-2-768x572.jpeg 768w, https:\/\/antigravitation.pl\/wp-content\/uploads\/2022\/06\/Naprawdemaly-2-403x300.jpeg 403w\" sizes=\"(max-width: 891px) 100vw, 891px\" \/><\/figure>\n<\/div>\n\n\n<p class=\"has-light-gray-background-color has-background has-medium-font-size\">Witaj na stronie hodowli owczark\u00f3w australijskich <strong>Antigravitation<\/strong>.<\/p>\n\n\n\n<p class=\"has-text-align-left has-light-gray-background-color has-background has-medium-font-size\">Jeste\u015bmy ma\u0142\u0105, domow\u0105 hodowl\u0105 zrzeszon\u0105 w Zwi\u0105zku Kynologicznym w Polsce, zlokalizowan\u0105<strong> pod Bia\u0142ymstokiem<\/strong>. Psy s\u0105 pe\u0142noprawnymi cz\u0142onkami naszej rodziny. Wiemy, jak wa\u017cna w przysz\u0142ym \u017cyciu szczeni\u0119cia jest jego prawid\u0142owa socjalizacja, dlatego przyk\u0142adamy do tego ogromn\u0105 wag\u0119. Owczarki australijskie urzek\u0142y nas swoim temperamentem, ch\u0119ci\u0105 do pracy z cz\u0142owiekiem oraz elastyczno\u015bci\u0105.<\/p>\n\n\n\n<p class=\"has-light-gray-background-color has-background has-medium-font-size\">Nazwa hodowli jest po\u0142\u0105czeniem naszej mi\u0142o\u015bci do fantastyki oraz zdolno\u015bci naszej suni, Cloe, do bezwysi\u0142kowego skakania na imponuj\u0105c\u0105 wysoko\u015b\u0107.<\/p>\n","protected":false},"excerpt":{"rendered":"<p>Witaj na stronie hodowli owczark\u00f3w australijskich Antigravitation. Jeste\u015bmy ma\u0142\u0105, domow\u0105 hodowl\u0105 zrzeszon\u0105 w Zwi\u0105zku Kynologicznym w Polsce, zlokalizowan\u0105 pod Bia\u0142ymstokiem. Psy s\u0105 pe\u0142noprawnymi cz\u0142onkami naszej rodziny. Wiemy, jak wa\u017cna w przysz\u0142ym \u017cyciu szczeni\u0119cia jest jego prawid\u0142owa socjalizacja, dlatego przyk\u0142adamy do tego ogromn\u0105 wag\u0119. Owczarki australijskie urzek\u0142y nas swoim temperamentem, ch\u0119ci\u0105 do pracy z cz\u0142owiekiem oraz elastyczno\u015bci\u0105. Nazwa hodowli jest po\u0142\u0105czeniem naszej mi\u0142o\u015bci do fantastyki oraz zdolno\u015bci naszej suni, Cloe, do bezwysi\u0142kowego skakania na imponuj\u0105c\u0105 wysoko\u015b\u0107.<\/p>\n","protected":false},"author":2,"featured_media":0,"parent":0,"menu_order":0,"comment_status":"closed","ping_status":"closed","template":"","meta":{"footnotes":""},"class_list":["post-102","page","type-page","status-publish","hentry"],"_links":{"self":[{"href":"https:\/\/antigravitation.pl\/index.php?rest_route=\/wp\/v2\/pages\/102","targetHints":{"allow":["GET"]}}],"collection":[{"href":"https:\/\/antigravitation.pl\/index.php?rest_route=\/wp\/v2\/pages"}],"about":[{"href":"https:\/\/antigravitation.pl\/index.php?rest_route=\/wp\/v2\/types\/page"}],"author":[{"embeddable":true,"href":"https:\/\/antigravitation.pl\/index.php?rest_route=\/wp\/v2\/users\/2"}],"replies":[{"embeddable":true,"href":"https:\/\/antigravitation.pl\/index.php?rest_route=%2Fwp%2Fv2%2Fcomments&post=102"}],"version-history":[{"count":11,"href":"https:\/\/antigravitation.pl\/index.php?rest_route=\/wp\/v2\/pages\/102\/revisions"}],"predecessor-version":[{"id":218,"href":"https:\/\/antigravitation.pl\/index.php?rest_route=\/wp\/v2\/pages\/102\/revisions\/218"}],"wp:attachment":[{"href":"https:\/\/antigravitation.pl\/index.php?rest_route=%2Fwp%2Fv2%2Fmedia&parent=102"}],"curies":[{"name":"wp","href":"https:\/\/api.w.org\/{rel}","templated":true}]}}